{"id":5891,"date":"2025-12-11T21:26:39","date_gmt":"2025-12-11T20:26:39","guid":{"rendered":"https:\/\/www.rodinnagymnastika.cz\/?page_id=5891"},"modified":"2026-02-13T20:33:33","modified_gmt":"2026-02-13T19:33:33","slug":"milicuv-dum","status":"publish","type":"page","link":"https:\/\/www.rodinnagymnastika.cz\/en\/milicuv-dum","title":{"rendered":"Mil\u00ed\u010d\u016fv d\u016fm"},"content":{"rendered":"<div class=\"wpb-content-wrapper\"><div data-vc-full-width=\"true\" data-vc-full-width-init=\"false\" class=\"vc_row wpb_row vc_row-fluid special vc_custom_1764718120498\"><div class=\"wpb_column vc_column_container vc_col-sm-12\"><div class=\"vc_column-inner\"><div class=\"wpb_wrapper\">\n\t\t\t\t<p class=\"rs-p-wp-fix\"><\/p>\n\t\t\t\t<sr7-module data-alias=\"ddm2-1\" data-id=\"25\" id=\"SR7_25_1\" class=\"rs-ov-hidden\" data-version=\"6.7.37\">\n\t\t\t\t\t<sr7-adjuster><\/sr7-adjuster>\n\t\t\t\t\t<sr7-content>\n\t\t\t\t\t\t<sr7-slide id=\"SR7_25_1-91\" data-key=\"91\">\n\t\t\t\t\t\t<\/sr7-slide>\n\t\t\t\t\t\t<sr7-slide id=\"SR7_25_1-93\" data-key=\"93\">\n\t\t\t\t\t\t\t<sr7-txt id=\"SR7_25_1-93-0\" class=\"sr7-layer\">Gym<br \/> Mil\u00ed\u010d\u016fv d\u016fm<\/sr7-txt>\n\t\t\t\t\t\t<\/sr7-slide>\n\t\t\t\t\t<\/sr7-content>\n\t\t\t\t\t<image_lists style=\"display:none\">\n\t\t\t\t\t\t<img data-src=\"\/\/www.rodinnagymnastika.cz\/wp-content\/uploads\/2025\/11\/RG_web_ikony-04.png\" data-libid=\"5850\" data-lib=\"medialibrary\" alt=\"Ikona lokace Rodinn\u00e1 gymnastika Praha\" title=\"RG_web_ikony-04\" width=\"0\" height=\"0\" data-dbsrc=\"Ly93d3cucm9kaW5uYWd5bW5hc3Rpa2EuY3ovd3AtY29udGVudC91cGxvYWRzLzIwMjUvMTEvUkdfd2ViX2lrb255LTA0LnBuZw==\"\/>\n\t\t\t\t\t<\/image_lists>\n\t\t\t\t<\/sr7-module>\n\t\t\t\t<script>\n\t\t\t\t\tSR7.PMH ??={}; SR7.PMH[\"SR7_25_1\"] = {cn:100,state:false,fn: function() { if (_tpt!==undefined && _tpt.prepareModuleHeight !== undefined) {  _tpt.prepareModuleHeight({id:\"SR7_25_1\",el:[400,400,768,960,720],type:'hero',shdw:'0',gh:[400,400,330,251,155],gw:[1240,1240,1024,778,480],vpt:['-100px'],size:{fullWidth:true, fullHeight:false},mh:'0',onh:0,onw:0,bg:{color:'{\"orig\":\"transparent\",\"type\":\"solid\",\"string\":\"transparent\"}'}});   SR7.PMH[\"SR7_25_1\"].state=true;} else if(SR7.PMH[\"SR7_25_1\"].cn-->0)\tsetTimeout( SR7.PMH[\"SR7_25_1\"].fn,19);}};SR7.PMH[\"SR7_25_1\" ].fn();\n\t\t\t\t<\/script>\n<\/div><\/div><\/div><\/div><div class=\"vc_row-full-width vc_clearfix\"><\/div><div data-vc-full-width=\"true\" data-vc-full-width-init=\"false\" class=\"vc_row wpb_row vc_row-fluid\"><div class=\"wpb_column vc_column_container vc_col-sm-12\"><div class=\"vc_column-inner vc_custom_1765414634205\"><div class=\"wpb_wrapper\">\n\t<div class=\"wpb_text_column wpb_content_element\" >\n\t\t<div class=\"wpb_wrapper\">\n\t\t\t<p style=\"text-align: center;\">Mil\u00ed\u010d\u016fv d\u016fm is a kindergarten in the Prague district of \u017di\u017ekov. The school emphasizes a safe and stimulating environment, creative activities, and comprehensive child development with a rich program (activity clubs, field trips, events). It is located on Sauerova Street near Ol\u0161ansk\u00e9 Square and Paruk\u00e1\u0159ka Park. Historically, it is connected to the original idea of \u201cMil\u00ed\u010d\u016fv d\u016fm\u201d as a place for childcare founded in the 1930s.<\/p>\n\n\t\t<\/div>\n\t<\/div>\n\n\t<div class=\"wpb_raw_code wpb_raw_html wpb_content_element\" >\n\t\t<div class=\"wpb_wrapper\">\n\t\t\t<div class=\"reservation-banner\">\n  <div class=\"reservation-text\">\n    <h2>Book a sample class in our booking system.<\/h2>\n    <i class=\"fas fa-angle-right reservation-arrow\"><\/i>\n  <\/div>\n  <a href=\"\/en\/ukazkovy-trenink\/\" class=\"btn-cvicit\">LET\u2019S EXERCISE<\/a>\n<\/div>\n\t\t<\/div>\n\t<\/div>\n<\/div><\/div><\/div><\/div><div class=\"vc_row-full-width vc_clearfix\"><\/div><div data-vc-full-width=\"true\" data-vc-full-width-init=\"false\" class=\"vc_row wpb_row vc_row-fluid greenbg vc_custom_1765414396731\"><div class=\"wpb_column vc_column_container vc_col-sm-12\"><div class=\"vc_column-inner vc_custom_1764717906429\"><div class=\"wpb_wrapper\"><div class=\"vc_row wpb_row vc_inner vc_row-fluid\"><div class=\"wpb_column vc_column_container vc_col-sm-12\"><div class=\"vc_column-inner\"><div class=\"wpb_wrapper\">\n\t<div class=\"wpb_text_column wpb_content_element vc_custom_1765485747978\" >\n\t\t<div class=\"wpb_wrapper\">\n\t\t\t<h2 style=\"text-align: center; color: white;\">Classes at Mil\u00ed\u010d\u016fv d\u016fm<\/h2>\n\n\t\t<\/div>\n\t<\/div>\n\n\t<div class=\"wpb_raw_code wpb_raw_html wpb_content_element\" >\n\t\t<div class=\"wpb_wrapper\">\n\t\t\t<div  class='tt_wrapper'><div class=\"tt_navigation_wrapper\">\n\t\t<div class=\"tt_navigation_cell timetable_clearfix\"><\/div><\/div><div class=\"timetable_clearfix tt_tabs tt_responsive event_layout_1\"><div class=\"tt_navigation_wrapper tt_hide\">\n\t\t<div class=\"tt_navigation_cell timetable_clearfix\"><\/div><\/div><div id=\"all-events\"><table class=\"tt_timetable\">\n\t\t\t\t\t<thead>\n\t\t\t\t\t\t<tr class=\"row_gray\" style=\"background-color: #bfa9cb !important;\"><th><\/th>\t<th>Monday<\/th>\t<th>Tuesday<\/th>\t<th>Wednesday<\/th>\t<th>Thursday<\/th>\t<th>Friday<\/th>\t<th>Saturday<\/th>\t<th>Sunday<\/th>\t<\/tr>\n\t\t\t\t\t<\/thead>\n\t\t\t\t\t<tbody><tr class=\"row_1\"><td class=\"tt_hours_column\">\n\t\t\t\t\t\t13:00\n\t\t\t\t\t<\/td><td><\/td><td><\/td><td><\/td><td><\/td><td><\/td><td style=\"background: #55ab7e;\" onmouseover=\"this.style.background='#1F736A';\" onmouseout=\"this.style.background='#55ab7e';\" class=\"event tt_single_event\" rowspan=\"3\"><div class=\"event_container id-6010\"><span class=\"event_header\" title=\"Zdrav\u011b od \u0161kolky\">Zdrav\u011b od \u0161kolky<\/span><div class='before_hour_text'><a href=\"\/en\/milicuv-dum\/\" target=\"_blank\">Mil\u00ed\u010d\u016fv D\u016fm<\/a><\/div><div class=\"top_hour\"><span class=\"hours\">13:00<\/span><\/div><div class=\"bottom_hour\"><span class=\"hours\">14:30<\/span><\/div><div class='after_hour_text'>13:00 - 14:30<\/div><\/div><\/td><td><\/td><\/tr><tr class=\"row_2 row_gray\" style=\"background: #bfa9cb !important;\"><td class=\"tt_hours_column\">\n\t\t\t\t\t\t13:30\n\t\t\t\t\t<\/td><td><\/td><td><\/td><td><\/td><td><\/td><td><\/td><td><\/td><\/tr><tr class=\"row_3\"><td class=\"tt_hours_column\">\n\t\t\t\t\t\t14:00\n\t\t\t\t\t<\/td><td><\/td><td><\/td><td><\/td><td><\/td><td><\/td><td><\/td><\/tr><tr class=\"row_4 row_gray\" style=\"background: #bfa9cb !important;\"><td class=\"tt_hours_column\">\n\t\t\t\t\t\t14:30\n\t\t\t\t\t<\/td><td><\/td><td><\/td><td><\/td><td><\/td><td><\/td><td><\/td><td><\/td><\/tr><tr class=\"row_5\"><td class=\"tt_hours_column\">\n\t\t\t\t\t\t15:00\n\t\t\t\t\t<\/td><td><\/td><td><\/td><td><\/td><td><\/td><td><\/td><td style=\"background: #55ab7e;\" onmouseover=\"this.style.background='#1F736A';\" onmouseout=\"this.style.background='#55ab7e';\" class=\"event tt_single_event\" rowspan=\"3\"><div class=\"event_container id-6010\"><span class=\"event_header\" title=\"Zdrav\u011b od \u0161kolky\">Zdrav\u011b od \u0161kolky<\/span><div class='before_hour_text'><a href=\"\/en\/milicuv-dum\/\" target=\"_blank\">Mil\u00ed\u010d\u016fv D\u016fm<\/a><\/div><div class=\"top_hour\"><span class=\"hours\">15:00<\/span><\/div><div class=\"bottom_hour\"><span class=\"hours\">16:30<\/span><\/div><div class='after_hour_text'>15:00 - 16:30<\/div><\/div><\/td><td><\/td><\/tr><tr class=\"row_6 row_gray\" style=\"background: #bfa9cb !important;\"><td class=\"tt_hours_column\">\n\t\t\t\t\t\t15:30\n\t\t\t\t\t<\/td><td><\/td><td><\/td><td><\/td><td><\/td><td><\/td><td><\/td><\/tr><tr class=\"row_7\"><td class=\"tt_hours_column\">\n\t\t\t\t\t\t16:00\n\t\t\t\t\t<\/td><td><\/td><td><\/td><td><\/td><td><\/td><td><\/td><td><\/td><\/tr><\/tbody>\n\t\t\t\t<\/table><div class=\"tt_timetable small\"><h3 class=\"box_header\">\n\t\t\t\t\tSaturday\n\t\t\t\t<\/h3>\n\t\t\t\t<ul class=\"tt_items_list thin page_margin_top timetable_clearfix\">\n\t\t\t\t\t\t\t<li  class=\"timetable_clearfix id-6010\">\n\t\t\t\t\t\t\t\t<div class=\"event_container\">\n\t\t\t\t\t\t\t\t\t<span title=\"Zdrav\u011b od \u0161kolky\" class=\"event_header\" >Zdrav\u011b od \u0161kolky <\/span><\/div><div class=\"value\">\n\t\t\t\t\t\t\t\t\t<span class=\"start-hour\" >13:00<\/span><span class=\"hour-separator\" > - <\/span><span class=\"end-hour\" >14:30<\/span><\/div>\n\t\t\t\t\t\t\t<\/li>\n\t\t\t\t\t\t\t<li  class=\"timetable_clearfix id-6010\">\n\t\t\t\t\t\t\t\t<div class=\"event_container\">\n\t\t\t\t\t\t\t\t\t<span title=\"Zdrav\u011b od \u0161kolky\" class=\"event_header\" >Zdrav\u011b od \u0161kolky <\/span><\/div><div class=\"value\">\n\t\t\t\t\t\t\t\t\t<span class=\"start-hour\" >15:00<\/span><span class=\"hour-separator\" > - <\/span><span class=\"end-hour\" >16:30<\/span><\/div>\n\t\t\t\t\t\t\t<\/li><\/ul><\/div><\/div><\/div><div class='tt_error_message tt_hide'>No events available!<\/div><div class='tt_booking_overlay tt_hide'>\n\t<\/div>\n\t<div class='tt_booking tt_hide'>\n\t\t<div class='tt_booking_message_wrapper'>\n\t\t\t<div class='tt_booking_message' data-event-hour-id>\n\t\t\t<\/div>\n\t\t\t<div class='tt_preloader tt_hide'>\n\t\t\t\t<div class='bounce1'><\/div>\n\t\t\t\t<div class='bounce2'><\/div>\n\t\t\t\t<div class='bounce3'><\/div>\n\t\t\t<\/div>\n\t\t<\/div>\n\t<\/div><input type=\"hidden\" class=\"timetable_atts\" name=\"timetable_atts\" value=\"{&quot;event&quot;:&quot;gymnastika-deti-3-6-let,gymnastika-deti-3-6-let-2&quot;,&quot;event_category&quot;:&quot;milicuv-dum&quot;,&quot;events_page&quot;:&quot;&quot;,&quot;filter_style&quot;:&quot;dropdown_list&quot;,&quot;filter_kind&quot;:&quot;&quot;,&quot;measure&quot;:&quot;0.5&quot;,&quot;show_booking_button&quot;:&quot;no&quot;,&quot;show_available_slots&quot;:&quot;no&quot;,&quot;available_slots_singular_label&quot;:&quot;{number_available}\\\/{number_total} slot available&quot;,&quot;available_slots_plural_label&quot;:&quot;{number_available}\\\/{number_total} slots available&quot;,&quot;allow_user_booking&quot;:&quot;yes&quot;,&quot;allow_guest_booking&quot;:&quot;no&quot;,&quot;default_booking_view&quot;:&quot;user&quot;,&quot;show_guest_name_field&quot;:&quot;yes&quot;,&quot;guest_name_field_required&quot;:&quot;yes&quot;,&quot;show_guest_phone_field&quot;:&quot;no&quot;,&quot;guest_phone_field_required&quot;:&quot;no&quot;,&quot;show_guest_message_field&quot;:&quot;no&quot;,&quot;guest_message_field_required&quot;:&quot;no&quot;,&quot;booking_label&quot;:&quot;Book now&quot;,&quot;booked_label&quot;:&quot;Booked&quot;,&quot;unavailable_label&quot;:&quot;Unavailable&quot;,&quot;booking_popup_label&quot;:&quot;Book now&quot;,&quot;login_popup_label&quot;:&quot;Log in&quot;,&quot;cancel_popup_label&quot;:&quot;Cancel&quot;,&quot;continue_popup_label&quot;:&quot;Continue&quot;,&quot;terms_checkbox&quot;:&quot;no&quot;,&quot;terms_message&quot;:&quot;Please accept terms and conditions&quot;,&quot;booking_popup_message&quot;:&quot;&lt;h2&gt;You are about to book event&lt;\\\/h2&gt;\\n&lt;div class=&#039;event_details_wrapper&#039;&gt;\\n&lt;p class=&#039;event_details bold&#039;&gt;{event_title}&lt;\\\/p&gt;\\n&lt;p class=&#039;event_details&#039;&gt;{column_title}&lt;\\\/p&gt;\\n&lt;p class=&#039;event_details&#039;&gt;{event_start} - {event_end}&lt;\\\/p&gt;\\n&lt;\\\/div&gt;\\n{booking_form}\\n&lt;p&gt;An initial receipt will be sent out automatically unless you decide not to do so below.&lt;\\\/p&gt;\\n&lt;div class=&#039;tt_btn_wrapper&#039;&gt;{tt_btn_book}{tt_btn_cancel}&lt;\\\/div&gt;&quot;,&quot;booking_popup_thank_you_message&quot;:&quot;&lt;h2&gt;Thank you for choosing our services!&lt;\\\/h2&gt;\\n&lt;div class=&#039;event_details_wrapper&#039;&gt;\\n&lt;p class=&#039;event_details bold&#039;&gt;{event_title}&lt;\\\/p&gt;\\n&lt;p class=&#039;event_details&#039;&gt;{column_title}&lt;\\\/p&gt;\\n&lt;p class=&#039;event_details&#039;&gt;{event_start} - {event_end}&lt;\\\/p&gt;\\n&lt;\\\/div&gt;\\n&lt;p class=&#039;info&#039;&gt;This is a confirmation of your booking. Your booking is now complete and a confirmation email has been sent to you.&lt;\\\/p&gt;\\n&lt;div class=&#039;tt_btn_wrapper&#039;&gt;{tt_btn_continue}&lt;\\\/div&gt;&quot;,&quot;filter_label&quot;:&quot;&quot;,&quot;filter_label_2&quot;:&quot;All Events Categories&quot;,&quot;hour_category&quot;:&quot;&quot;,&quot;columns&quot;:&quot;monday,tuesday,wednesday,thursday,friday,sunday,saturday&quot;,&quot;time_format&quot;:&quot;H:i&quot;,&quot;hide_hours_column&quot;:&quot;0&quot;,&quot;hide_all_events_view&quot;:&quot;0&quot;,&quot;show_end_hour&quot;:&quot;0&quot;,&quot;event_layout&quot;:&quot;1&quot;,&quot;box_bg_color&quot;:&quot;#55ab7e&quot;,&quot;box_hover_bg_color&quot;:&quot;1F736A&quot;,&quot;box_txt_color&quot;:&quot;FFFFFF&quot;,&quot;box_hover_txt_color&quot;:&quot;FFFFFF&quot;,&quot;box_hours_txt_color&quot;:&quot;FFFFFF&quot;,&quot;box_hours_hover_txt_color&quot;:&quot;FFFFFF&quot;,&quot;filter_color&quot;:&quot;#55ab7e&quot;,&quot;row1_color&quot;:&quot;#bfa9cb&quot;,&quot;row2_color&quot;:&quot;&quot;,&quot;generate_pdf_text_color&quot;:&quot;FFFFFF&quot;,&quot;generate_pdf_bg_color&quot;:&quot;00A27C&quot;,&quot;generate_pdf_hover_text_color&quot;:&quot;FFFFFF&quot;,&quot;generate_pdf_hover_bg_color&quot;:&quot;1F736A&quot;,&quot;booking_text_color&quot;:&quot;FFFFFF&quot;,&quot;booking_bg_color&quot;:&quot;05BB90&quot;,&quot;booking_hover_text_color&quot;:&quot;FFFFFF&quot;,&quot;booking_hover_bg_color&quot;:&quot;07B38A&quot;,&quot;booked_text_color&quot;:&quot;AAAAAA&quot;,&quot;booked_bg_color&quot;:&quot;EEEEEE&quot;,&quot;unavailable_text_color&quot;:&quot;AAAAAA&quot;,&quot;unavailable_bg_color&quot;:&quot;EEEEEE&quot;,&quot;available_slots_color&quot;:&quot;FFD544&quot;,&quot;hide_empty&quot;:&quot;0&quot;,&quot;disable_event_url&quot;:&quot;1&quot;,&quot;text_align&quot;:&quot;center&quot;,&quot;row_height&quot;:&quot;31&quot;,&quot;id&quot;:&quot;&quot;,&quot;shortcode_id&quot;:&quot;&quot;,&quot;desktop_list_view&quot;:&quot;0&quot;,&quot;responsive&quot;:&quot;1&quot;,&quot;event_description_responsive&quot;:&quot;none&quot;,&quot;collapse_event_hours_responsive&quot;:&quot;0&quot;,&quot;colors_responsive_mode&quot;:&quot;0&quot;,&quot;export_to_pdf_button&quot;:&quot;0&quot;,&quot;generate_pdf_label&quot;:&quot;Generate PDF&quot;,&quot;pdf_font&quot;:&quot;lato&quot;,&quot;direction&quot;:&quot;ltr&quot;,&quot;font_custom&quot;:&quot;&quot;,&quot;font&quot;:&quot;&quot;,&quot;font_subset&quot;:&quot;&quot;,&quot;font_size&quot;:&quot;&quot;,&quot;custom_css&quot;:&quot;&quot;}\" \/><\/div>\n\t\t<\/div>\n\t<\/div>\n<\/div><\/div><\/div><\/div><\/div><\/div><\/div><\/div><div class=\"vc_row-full-width vc_clearfix\"><\/div><div class=\"vc_row wpb_row vc_row-fluid vc_custom_1765416926997 vc_row-o-content-middle vc_row-flex\"><div class=\"wpb_column vc_column_container vc_col-sm-12\"><div class=\"vc_column-inner\"><div class=\"wpb_wrapper\"><div class=\"vc_row wpb_row vc_inner vc_row-fluid\"><div class=\"wpb_column vc_column_container vc_col-sm-12\"><div class=\"vc_column-inner\"><div class=\"wpb_wrapper\"><h2 style=\"color: #111111;text-align: center\" class=\"vc_custom_heading vc_do_custom_heading heading_orange\" >How to Get to the Gym<\/h2>\n\t<div class=\"wpb_raw_code wpb_raw_html wpb_content_element\" >\n\t\t<div class=\"wpb_wrapper\">\n\t\t\t<div class=\"info-box\">\n  <div class=\"info-box__icon\">\n    <img decoding=\"async\" src=\"https:\/\/www.rodinnagymnastika.cz\/wp-content\/uploads\/2025\/11\/RG_web_ikony-05.png\" alt=\"mhd\">\n  <\/div>\n  <div class=\"info-box__content\">\n    <h3>Public Transport<\/h3>\n    <p>Take a bus or tram to Ol\u0161ansk\u00e9 Square or Ol\u0161ansk\u00e1 stop, then walk to Sauerova Street.<\/p>\n  <\/div>\n<\/div>\n<div class=\"info-box\">\n  <div class=\"info-box__icon\">\n    <img decoding=\"async\" src=\"https:\/\/www.rodinnagymnastika.cz\/wp-content\/uploads\/2025\/11\/RG_web_ikony-06.png\" alt=\"Autem\">\n  <\/div>\n  <div class=\"info-box__content\">\n    <h3>By Car<\/h3>\n    <p>Sauerova Street 2\/1836, Prague 3. Parking is available on nearby streets.<\/p>\n  <\/div>\n<\/div>\n\t\t<\/div>\n\t<\/div>\n<\/div><\/div><\/div><\/div><div class=\"wpb_gmaps_widget wpb_content_element vc_map_responsive\"><div class=\"wpb_wrapper\"><div class=\"wpb_map_wraper\"><iframe loading=\"lazy\" src=\"https:\/\/maps.google.com\/maps?q=Sauerova%202%2F1836%2C%20Praha%203&#038;t=m&#038;z=17&#038;output=embed&#038;iwloc=near\" title=\"Sauerova 2\/1836, Praha 3\" aria-label=\"Sauerova 2\/1836, Praha 3\" ><\/iframe><\/div><\/div><\/div><\/div><\/div><\/div><\/div><div class=\"vc_row wpb_row vc_row-fluid floating-promo\"><div class=\"wpb_column vc_column_container vc_col-sm-12\"><div class=\"vc_column-inner\"><div class=\"wpb_wrapper\">\n\t<div  class=\"wpb_single_image wpb_content_element vc_align_left wpb_content_element vc_custom_1765843134772\">\n\t\t\n\t\t<figure class=\"wpb_wrapper vc_figure\">\n\t\t\t<a href=\"\/en\/ukazkovy-trenink\/\" target=\"_self\" class=\"vc_single_image-wrapper   vc_box_border_grey\"><img loading=\"lazy\" decoding=\"async\" width=\"150\" height=\"150\" src=\"https:\/\/www.rodinnagymnastika.cz\/wp-content\/uploads\/2026\/01\/nabor_samolepka_en.png\" class=\"vc_single_image-img attachment-thumbnail\" alt=\"Ikona prob\u00edhaj\u00edc\u00ed n\u00e1bor Rodinn\u00e1 gymnastika Praha\" title=\"enrollment_sticker\" srcset=\"https:\/\/www.rodinnagymnastika.cz\/wp-content\/uploads\/2026\/01\/nabor_samolepka_en.png 600w, https:\/\/www.rodinnagymnastika.cz\/wp-content\/uploads\/2026\/01\/nabor_samolepka_en-300x300.png 300w, https:\/\/www.rodinnagymnastika.cz\/wp-content\/uploads\/2026\/01\/nabor_samolepka_en-150x150.png 150w, https:\/\/www.rodinnagymnastika.cz\/wp-content\/uploads\/2026\/01\/nabor_samolepka_en-12x12.png 12w, https:\/\/www.rodinnagymnastika.cz\/wp-content\/uploads\/2026\/01\/nabor_samolepka_en-200x200.png 200w, https:\/\/www.rodinnagymnastika.cz\/wp-content\/uploads\/2026\/01\/nabor_samolepka_en-120x120.png 120w, https:\/\/www.rodinnagymnastika.cz\/wp-content\/uploads\/2026\/01\/nabor_samolepka_en-370x370.png 370w\" sizes=\"auto, (max-width: 150px) 100vw, 150px\" \/><\/a>\n\t\t<\/figure>\n\t<\/div>\n<\/div><\/div><\/div><\/div>\n<\/div>","protected":false},"excerpt":{"rendered":"T\u011blocvi\u010dna Mil\u00ed\u010d\u016fv d\u016fm Mil\u00ed\u010d\u016fv d\u016fm je mate\u0159sk\u00e1 \u0161kola v pra\u017esk\u00e9 \u010dtvrti \u017di\u017ekov. \u0160kola klade d\u016fraz na bezpe\u010dn\u00e9 a podn\u011btn\u00e9 prost\u0159ed\u00ed, kreativn\u00ed aktivity a v\u0161estrann\u00fd rozvoj d\u011bt\u00ed s bohat\u00fdm programem (krou\u017eky, v\u00fdlety, akce). Nach\u00e1z\u00ed se na Sauerov\u011b ulici pobl\u00ed\u017e Ol\u0161ansk\u00e9ho n\u00e1m\u011bst\u00ed a parku Paruk\u00e1\u0159ka. Historicky souvis\u00ed s p\u016fvodn\u00ed ideou \u201eMil\u00ed\u010dova domu\u201c [...]","protected":false},"author":1,"featured_media":0,"parent":0,"menu_order":0,"comment_status":"closed","ping_status":"closed","template":"","meta":{"footnotes":""},"class_list":["post-5891","page","type-page","status-publish","hentry"],"_links":{"self":[{"href":"https:\/\/www.rodinnagymnastika.cz\/en\/wp-json\/wp\/v2\/pages\/5891","targetHints":{"allow":["GET"]}}],"collection":[{"href":"https:\/\/www.rodinnagymnastika.cz\/en\/wp-json\/wp\/v2\/pages"}],"about":[{"href":"https:\/\/www.rodinnagymnastika.cz\/en\/wp-json\/wp\/v2\/types\/page"}],"author":[{"embeddable":true,"href":"https:\/\/www.rodinnagymnastika.cz\/en\/wp-json\/wp\/v2\/users\/1"}],"replies":[{"embeddable":true,"href":"https:\/\/www.rodinnagymnastika.cz\/en\/wp-json\/wp\/v2\/comments?post=5891"}],"version-history":[{"count":9,"href":"https:\/\/www.rodinnagymnastika.cz\/en\/wp-json\/wp\/v2\/pages\/5891\/revisions"}],"predecessor-version":[{"id":6469,"href":"https:\/\/www.rodinnagymnastika.cz\/en\/wp-json\/wp\/v2\/pages\/5891\/revisions\/6469"}],"wp:attachment":[{"href":"https:\/\/www.rodinnagymnastika.cz\/en\/wp-json\/wp\/v2\/media?parent=5891"}],"curies":[{"name":"wp","href":"https:\/\/api.w.org\/{rel}","templated":true}]}}