{"id":6151,"date":"2025-12-16T01:31:15","date_gmt":"2025-12-16T00:31:15","guid":{"rendered":"https:\/\/www.rodinnagymnastika.cz\/?page_id=6151"},"modified":"2026-01-20T23:53:18","modified_gmt":"2026-01-20T22:53:18","slug":"faq","status":"publish","type":"page","link":"https:\/\/www.rodinnagymnastika.cz\/en\/faq","title":{"rendered":"FAQ"},"content":{"rendered":"<div class=\"wpb-content-wrapper\"><div data-vc-full-width=\"true\" data-vc-full-width-init=\"false\" class=\"vc_row wpb_row vc_row-fluid special vc_custom_1764718120498\"><div class=\"wpb_column vc_column_container vc_col-sm-12\"><div class=\"vc_column-inner\"><div class=\"wpb_wrapper\">\n\t\t\t\t<p class=\"rs-p-wp-fix\"><\/p>\n\t\t\t\t<sr7-module data-alias=\"magazin_3-1\" data-id=\"31\" id=\"SR7_31_1\" class=\"rs-ov-hidden\" data-version=\"6.7.37\">\n\t\t\t\t\t<sr7-adjuster><\/sr7-adjuster>\n\t\t\t\t\t<sr7-content>\n\t\t\t\t\t\t<sr7-slide id=\"SR7_31_1-110\" data-key=\"110\">\n\t\t\t\t\t\t<\/sr7-slide>\n\t\t\t\t\t\t<sr7-slide id=\"SR7_31_1-111\" data-key=\"111\">\n\t\t\t\t\t\t\t<sr7-txt id=\"SR7_31_1-111-0\" class=\"sr7-layer\" srscsrc><strong>FAQ<\/strong> <\/sr7-txt>\n\t\t\t\t\t\t<\/sr7-slide>\n\t\t\t\t\t<\/sr7-content>\n\t\t\t\t\t<image_lists style=\"display:none\">\n\t\t\t\t\t\t<img data-src=\"\/\/www.rodinnagymnastika.cz\/wp-content\/uploads\/2025\/11\/RG_web_ikony-09.png\" data-libid=\"6154\" data-lib=\"medialibrary\" alt=\"FAQ ikona Rodinn\u00e1 gymnastika Praha\" title=\"RG_web_ikony-09\" width=\"0\" height=\"0\" data-dbsrc=\"Ly93d3cucm9kaW5uYWd5bW5hc3Rpa2EuY3ovd3AtY29udGVudC91cGxvYWRzLzIwMjUvMTEvUkdfd2ViX2lrb255LTA5LnBuZw==\"\/>\n\t\t\t\t\t<\/image_lists>\n\t\t\t\t<\/sr7-module>\n\t\t\t\t<script>\n\t\t\t\t\tSR7.PMH ??={}; SR7.PMH[\"SR7_31_1\"] = {cn:100,state:false,fn: function() { if (_tpt!==undefined && _tpt.prepareModuleHeight !== undefined) {  _tpt.prepareModuleHeight({id:\"SR7_31_1\",el:[400,400,768,960,720],type:'hero',shdw:'0',gh:[400,400,330,251,155],gw:[1240,1240,1024,778,480],vpt:['-100px'],size:{fullWidth:true, fullHeight:false},mh:'0',onh:0,onw:0,bg:{color:'{\"orig\":\"transparent\",\"type\":\"solid\",\"string\":\"transparent\"}'}});   SR7.PMH[\"SR7_31_1\"].state=true;} else if(SR7.PMH[\"SR7_31_1\"].cn-->0)\tsetTimeout( SR7.PMH[\"SR7_31_1\"].fn,19);}};SR7.PMH[\"SR7_31_1\" ].fn();\n\t\t\t\t<\/script>\n<\/div><\/div><\/div><div class=\"wpb_column vc_column_container vc_col-sm-12 vc_col-has-fill\"><div class=\"vc_column-inner vc_custom_1765926284652\"><div class=\"wpb_wrapper\">\n\t<div class=\"wpb_raw_code wpb_raw_html wpb_content_element\" >\n\t\t<div class=\"wpb_wrapper\">\n\t\t\t<div class=\"faq-section\">\n    <div class=\"faq-item\">\n        <div class=\"faq-question\">\n            <span class=\"faq-icon\">+<\/span>\n            <h3>Can we try the training first?<\/h3>\n        <\/div>\n        <div class=\"faq-answer\">\n            <p>Of course! To try it out, use the sample class <a href=\"\/en\/ukazkovy-trening\/\">booking.<\/a><\/p>\n        <\/div>\n    <\/div>\n    \n    <div class=\"faq-item\">\n        <div class=\"faq-question\">\n            <span class=\"faq-icon\">+<\/span>\n            <h3>How much does the course cost?<\/h3>\n        <\/div>\n        <div class=\"faq-answer\">\n            <p>The price is <strong>399 CZK \/ 90-minute<\/strong> lekce (d\u00edt\u011b + rodi\u010d). Platbu za cel\u00fd kurz lze rozd\u011blit na 2 \u010d\u00e1sti.<\/p>\n        <\/div>\n    <\/div>\n     <div class=\"faq-item\">\n        <div class=\"faq-question\">\n            <span class=\"faq-icon\">+<\/span>\n            <h3>Can we join an already running course?<\/h3>\n        <\/div>\n        <div class=\"faq-answer\">\n            <p>Yes, but only if the course is not at full capacity.<\/p>\n        <\/div>\n    <\/div>\n     <div class=\"faq-item\">\n        <div class=\"faq-question\">\n            <span class=\"faq-icon\">+<\/span>\n            <h3>Is counseling included in the course?<\/h3>\n        <\/div>\n        <div class=\"faq-answer\">\n            <p>Yes. Each member has <strong>20 minutes free<\/strong> \u2013 nutrition or preschool specialization.<br \/>\nLonger consultation: 600 CZK \/ hour.<\/p>\n        <\/div>\n    <\/div><div class=\"faq-item\">\n        <div class=\"faq-question\">\n            <span class=\"faq-icon\">+<\/span>\n            <h3>What should I bring to training?<\/h3>\n        <\/div>\n        <div class=\"faq-answer\">\n            <p>Comfortable and ideally fitted clothing (suitable for gymnastics exercises), gym shoes (or sturdy footwear for children with autism), water, and a desire to enjoy it together. And if you\u2019d like, feel free to bring a favorite toy \u2013 our TEO is fine with that \ud83d\ude09<\/p>\n        <\/div>\n    <\/div>\n    \n    <div class=\"faq-item\">\n        <div class=\"faq-question\">\n            <span class=\"faq-icon\">+<\/span>\n            <h3>What is the gymnastics menu?<\/h3>\n        <\/div>\n        <div class=\"faq-answer\">\n            <p>A warm bowl of soup from the BioAid bistro that satisfies, warms you up, and pleasantly concludes your time together. And it saves parents the work of preparing one warm meal.<br \/>\nChild: 85 CZK \/ 200 ml<br \/>\nParent: 105 CZK \/ 350 ml<\/p>\n        <\/div>\n    <\/div>\n     <div class=\"faq-item\">\n        <div class=\"faq-question\">\n            <span class=\"faq-icon\">+<\/span>\n            <h3>What if my child gets sick?<\/h3>\n        <\/div>\n        <div class=\"faq-answer\">\n            <p>We do not compensate for short-term illnesses such as a cold, flu, or strep throat.\u2028<br \/>\nFor longer absences (surgery, injury, etc.), we look for individual solutions.<\/p>\n        <\/div>\n    <\/div>\n         <div class=\"faq-item\">\n        <div class=\"faq-question\">\n            <span class=\"faq-icon\">+<\/span>\n            <h3>Can we make up a missed class?<\/h3>\n        <\/div>\n        <div class=\"faq-answer\">\n            <p>Unfortunately not \u2013 to maintain order and calm during classes.<\/p>\n        <\/div>\n    <\/div>\n         <div class=\"faq-item\">\n        <div class=\"faq-question\">\n            <span class=\"faq-icon\">+<\/span>\n            <h3>How do I excuse a class?<\/h3>\n        <\/div>\n        <div class=\"faq-answer\">\n            <p>Simply in the booking system \u2013 a few clicks and you\u2019re done.<\/p>\n        <\/div>\n    <\/div>\n<\/div>\n\n\t\t<\/div>\n\t<\/div>\n<\/div><\/div><\/div><\/div><div class=\"vc_row-full-width vc_clearfix\"><\/div><div class=\"vc_row wpb_row vc_row-fluid vc_custom_1765928120179\"><div class=\"wpb_column vc_column_container vc_col-sm-12\"><div class=\"vc_column-inner\"><div class=\"wpb_wrapper\"><h3 style=\"color: #2bc16e;text-align: left\" class=\"vc_custom_heading vc_do_custom_heading heading\" >Didn\u2019t find the answer?<\/h3>\n<div class=\"wpcf7 no-js\" id=\"wpcf7-f4921-o1\" lang=\"en-US\" dir=\"ltr\" data-wpcf7-id=\"4921\">\n<div class=\"screen-reader-response\"><p role=\"status\" aria-live=\"polite\" aria-atomic=\"true\"><\/p> <ul><\/ul><\/div>\n<form action=\"\/en\/wp-json\/wp\/v2\/pages\/6151#wpcf7-f4921-o1\" method=\"post\" class=\"wpcf7-form init\" aria-label=\"Contact form\" novalidate=\"novalidate\" data-status=\"init\" data-trp-original-action=\"\/en\/wp-json\/wp\/v2\/pages\/6151#wpcf7-f4921-o1\">\n<fieldset class=\"hidden-fields-container\"><input type=\"hidden\" name=\"_wpcf7\" value=\"4921\" \/><input type=\"hidden\" name=\"_wpcf7_version\" value=\"6.1.5\" \/><input type=\"hidden\" name=\"_wpcf7_locale\" value=\"en_US\" \/><input type=\"hidden\" name=\"_wpcf7_unit_tag\" value=\"wpcf7-f4921-o1\" \/><input type=\"hidden\" name=\"_wpcf7_container_post\" value=\"0\" \/><input type=\"hidden\" name=\"_wpcf7_posted_data_hash\" value=\"\" \/>\n<\/fieldset>\n<div class=\"input-group\">\n\t<p><span class=\"wpcf7-form-control-wrap\" data-name=\"text-704\"><input size=\"40\" maxlength=\"400\" class=\"wpcf7-form-control wpcf7-text wpcf7-validates-as-required\" aria-required=\"true\" aria-invalid=\"false\" placeholder=\"Your name*\" value=\"\" type=\"text\" name=\"text-704\" \/><\/span>\n\t<\/p>\n<\/div>\n<div class=\"input-group\">\n\t<p><span class=\"wpcf7-form-control-wrap\" data-name=\"email-230\"><input size=\"40\" maxlength=\"400\" class=\"wpcf7-form-control wpcf7-email wpcf7-validates-as-required wpcf7-text wpcf7-validates-as-email\" aria-required=\"true\" aria-invalid=\"false\" placeholder=\"Email*\" value=\"\" type=\"email\" name=\"email-230\" \/><\/span>\n\t<\/p>\n<\/div>\n<p><span class=\"wpcf7-form-control-wrap\" data-name=\"textarea-248\"><textarea cols=\"40\" rows=\"10\" maxlength=\"2000\" class=\"wpcf7-form-control wpcf7-textarea wpcf7-validates-as-required\" aria-required=\"true\" aria-invalid=\"false\" placeholder=\"Your message\" name=\"textarea-248\"><\/textarea><\/span>\n<\/p>\n<p><input class=\"wpcf7-form-control wpcf7-submit has-spinner\" type=\"submit\" value=\"Send\" \/>\n<\/p><div class=\"wpcf7-response-output\" aria-hidden=\"true\"><\/div>\n<input type=\"hidden\" name=\"trp-form-language\" value=\"en\"\/><\/form>\n<\/div>\n<\/div><\/div><\/div><\/div><div class=\"vc_row wpb_row vc_row-fluid floating-promo\"><div class=\"wpb_column vc_column_container vc_col-sm-12\"><div class=\"vc_column-inner\"><div class=\"wpb_wrapper\">\n\t<div  class=\"wpb_single_image wpb_content_element vc_align_left wpb_content_element vc_custom_1765845759802\">\n\t\t\n\t\t<figure class=\"wpb_wrapper vc_figure\">\n\t\t\t<a href=\"\/en\/ukazkovy-trenink\/\" target=\"_self\" class=\"vc_single_image-wrapper   vc_box_border_grey\"><img loading=\"lazy\" decoding=\"async\" width=\"150\" height=\"150\" src=\"https:\/\/www.rodinnagymnastika.cz\/wp-content\/uploads\/2026\/01\/nabor_samolepka_en.png\" class=\"vc_single_image-img attachment-thumbnail\" alt=\"Ikona prob\u00edhaj\u00edc\u00ed n\u00e1bor Rodinn\u00e1 gymnastika Praha\" title=\"enrollment_sticker\" srcset=\"https:\/\/www.rodinnagymnastika.cz\/wp-content\/uploads\/2026\/01\/nabor_samolepka_en.png 600w, https:\/\/www.rodinnagymnastika.cz\/wp-content\/uploads\/2026\/01\/nabor_samolepka_en-300x300.png 300w, https:\/\/www.rodinnagymnastika.cz\/wp-content\/uploads\/2026\/01\/nabor_samolepka_en-150x150.png 150w, https:\/\/www.rodinnagymnastika.cz\/wp-content\/uploads\/2026\/01\/nabor_samolepka_en-12x12.png 12w, https:\/\/www.rodinnagymnastika.cz\/wp-content\/uploads\/2026\/01\/nabor_samolepka_en-200x200.png 200w, https:\/\/www.rodinnagymnastika.cz\/wp-content\/uploads\/2026\/01\/nabor_samolepka_en-120x120.png 120w, https:\/\/www.rodinnagymnastika.cz\/wp-content\/uploads\/2026\/01\/nabor_samolepka_en-370x370.png 370w\" sizes=\"auto, (max-width: 150px) 100vw, 150px\" \/><\/a>\n\t\t<\/figure>\n\t<\/div>\n<\/div><\/div><\/div><\/div><div data-vc-full-width=\"true\" data-vc-full-width-init=\"false\" data-vc-stretch-content=\"true\" class=\"vc_row wpb_row vc_row-fluid vc_row-no-padding\"><div class=\"wpb_column vc_column_container vc_col-sm-12\"><div class=\"vc_column-inner\"><div class=\"wpb_wrapper\"><div class=\"vc_empty_space  orangebg\"   style=\"height: 0.7rem\"><span class=\"vc_empty_space_inner\"><\/span><\/div><\/div><\/div><\/div><\/div><div class=\"vc_row-full-width vc_clearfix\"><\/div>\n<\/div>","protected":false},"excerpt":{"rendered":"FAQ + M\u016f\u017eeme si tr\u00e9nink nejd\u0159\u00edve vyzkou\u0161et? Jist\u011b! Pro vyzkou\u0161en\u00ed vyu\u017eijte rezervaci uk\u00e1zkov\u00e9ho tr\u00e9ninku. + Kolik kurz stoj\u00ed? Cena je 399 K\u010d \/ 90min lekce (d\u00edt\u011b + rodi\u010d). Platbu za cel\u00fd kurz lze rozd\u011blit na 2 \u010d\u00e1sti. + Lze nastoupit do ji\u017e prob\u00edhaj\u00edc\u00edho kurzu? Ano, ale pouze v p\u0159\u00edpad\u011b, \u017ee [...]","protected":false},"author":1,"featured_media":0,"parent":0,"menu_order":0,"comment_status":"closed","ping_status":"closed","template":"","meta":{"footnotes":""},"class_list":["post-6151","page","type-page","status-publish","hentry"],"_links":{"self":[{"href":"https:\/\/www.rodinnagymnastika.cz\/en\/wp-json\/wp\/v2\/pages\/6151","targetHints":{"allow":["GET"]}}],"collection":[{"href":"https:\/\/www.rodinnagymnastika.cz\/en\/wp-json\/wp\/v2\/pages"}],"about":[{"href":"https:\/\/www.rodinnagymnastika.cz\/en\/wp-json\/wp\/v2\/types\/page"}],"author":[{"embeddable":true,"href":"https:\/\/www.rodinnagymnastika.cz\/en\/wp-json\/wp\/v2\/users\/1"}],"replies":[{"embeddable":true,"href":"https:\/\/www.rodinnagymnastika.cz\/en\/wp-json\/wp\/v2\/comments?post=6151"}],"version-history":[{"count":27,"href":"https:\/\/www.rodinnagymnastika.cz\/en\/wp-json\/wp\/v2\/pages\/6151\/revisions"}],"predecessor-version":[{"id":6437,"href":"https:\/\/www.rodinnagymnastika.cz\/en\/wp-json\/wp\/v2\/pages\/6151\/revisions\/6437"}],"wp:attachment":[{"href":"https:\/\/www.rodinnagymnastika.cz\/en\/wp-json\/wp\/v2\/media?parent=6151"}],"curies":[{"name":"wp","href":"https:\/\/api.w.org\/{rel}","templated":true}]}}